{"id":16047,"date":"2026-03-18T19:08:39","date_gmt":"2026-03-18T19:08:39","guid":{"rendered":"https:\/\/eligesmas.shop\/?page_id=16047"},"modified":"2026-03-18T19:52:10","modified_gmt":"2026-03-18T19:52:10","slug":"terms-and-conditions","status":"publish","type":"page","link":"https:\/\/eligesmas.shop\/es\/terms-and-conditions\/","title":{"rendered":"T\u00e9rminos y condiciones"},"content":{"rendered":"<div data-elementor-type=\"wp-page\" data-elementor-id=\"16047\" class=\"elementor elementor-16047\" data-elementor-post-type=\"page\">\n\t\t\t\t<div class=\"elementor-element elementor-element-bb146a0 e-flex e-con-boxed e-con e-parent\" data-id=\"bb146a0\" data-element_type=\"container\" data-e-type=\"container\">\n\t\t\t\t\t<div class=\"e-con-inner\">\n\t\t\t\t<div class=\"elementor-element elementor-element-0bbad00 elementor-widget elementor-widget-heading\" data-id=\"0bbad00\" data-element_type=\"widget\" data-e-type=\"widget\" data-widget_type=\"heading.default\">\n\t\t\t\t\t<h2 class=\"elementor-heading-title elementor-size-default\">T\u00e9rminos y condiciones<\/h2>\t\t\t\t<\/div>\n\t\t\t\t<div class=\"elementor-element elementor-element-e38153d elementor-widget elementor-widget-text-editor\" data-id=\"e38153d\" data-element_type=\"widget\" data-e-type=\"widget\" data-widget_type=\"text-editor.default\">\n\t\t\t\t\t\t\t\t\t<p class=\"translation-block\">T\u00e9rminos y condiciones \u2013 Promoci\u00f3n de proyectores Epson<br>Promoci\u00f3n v\u00e1lida para el proyector port\u00e1til inteligente Lifestudio Pop EF-61.<\/p><p class=\"translation-block\">1. <strong>Periodo de la promoci\u00f3n<\/strong><br>La promoci\u00f3n es v\u00e1lida por tiempo limitado o hasta agotar existencias, lo que ocurra primero.<\/p><p class=\"translation-block\">2. <strong>Descuento Aplicado<\/strong><br>El descuento de hasta el 36% se obtiene aplicando un cup\u00f3n exclusivo Norma al precio de referencia del producto.<\/p><p>\u2022 Precio de Referencia: $3.999.000<\/p><p>\u2022 Precio de mercado con descuento: $3,149,070<\/p><p class=\"translation-block\">\u2022 Precio Final con Cup\u00f3n Norma: $2,549,000<br>3. <strong>Condiciones del beneficio<\/strong><\/p><p>\u2022 El descuento aplica \u00fanicamente en compras realizadas a trav\u00e9s de canales autorizados donde sea v\u00e1lido el cup\u00f3n Norma.<\/p><p>\u2022 The coupon must be entered correctly at the time of purchase to receive the benefit.<\/p><p>\u2022 Cannot be combined with other promotions, discounts, or offers.<\/p><p class=\"translation-block\">4. <strong>Disponibilidad<\/strong><br>La promoci\u00f3n est\u00e1 sujeta a disponibilidad del producto. Si la oferta se agota, finalizar\u00e1 sin previo aviso.<\/p><p class=\"translation-block\">5. <strong>Uso Personal<\/strong><br>El beneficio es personal e intransferible y podr\u00e1 limitarse a una (1) unidad por cliente.<\/p><p class=\"translation-block\">6. <strong>Cambios y Devoluciones<\/strong><br>Los cambios, garant\u00edas o devoluciones se regir\u00e1n por las pol\u00edticas del proveedor o canal de venta donde se realiza la compra.<\/p><p class=\"translation-block\">7. <strong>Modificaciones<\/strong><br>La organizaci\u00f3n se reserva el derecho de modificar, suspender o cancelar la promoci\u00f3n en cualquier momento, sin previo aviso, por motivos operativos o de fuerza mayor.<\/p><p class=\"translation-block\">8. <strong>Aceptaci\u00f3n de T\u00e9rminos<\/strong><br>La participaci\u00f3n en esta promoci\u00f3n implica el conocimiento y aceptaci\u00f3n de estos T\u00e9rminos y Condiciones.<\/p>\t\t\t\t\t\t\t\t<\/div>\n\t\t\t\t\t<\/div>\n\t\t\t\t<\/div>\n\t\t\t\t<\/div>","protected":false},"excerpt":{"rendered":"<p>Terms and Conditions Terms and Conditions \u2013 Epson Projector PromotionPromotion valid for the Lifestudio Pop EF-61 Smart Portable Projector. 1. Promotion PeriodThe promotion is valid for a limited time or<\/p>","protected":false},"author":1,"featured_media":0,"parent":0,"menu_order":0,"comment_status":"closed","ping_status":"closed","template":"","meta":{"_acf_changed":false,"footnotes":""},"class_list":["post-16047","page","type-page","status-publish","hentry"],"acf":[],"_hostinger_reach_plugin_has_subscription_block":false,"_hostinger_reach_plugin_is_elementor":false,"jetpack_sharing_enabled":true,"_links":{"self":[{"href":"https:\/\/eligesmas.shop\/es\/wp-json\/wp\/v2\/pages\/16047","targetHints":{"allow":["GET"]}}],"collection":[{"href":"https:\/\/eligesmas.shop\/es\/wp-json\/wp\/v2\/pages"}],"about":[{"href":"https:\/\/eligesmas.shop\/es\/wp-json\/wp\/v2\/types\/page"}],"author":[{"embeddable":true,"href":"https:\/\/eligesmas.shop\/es\/wp-json\/wp\/v2\/users\/1"}],"replies":[{"embeddable":true,"href":"https:\/\/eligesmas.shop\/es\/wp-json\/wp\/v2\/comments?post=16047"}],"version-history":[{"count":4,"href":"https:\/\/eligesmas.shop\/es\/wp-json\/wp\/v2\/pages\/16047\/revisions"}],"predecessor-version":[{"id":16052,"href":"https:\/\/eligesmas.shop\/es\/wp-json\/wp\/v2\/pages\/16047\/revisions\/16052"}],"wp:attachment":[{"href":"https:\/\/eligesmas.shop\/es\/wp-json\/wp\/v2\/media?parent=16047"}],"curies":[{"name":"wp","href":"https:\/\/api.w.org\/{rel}","templated":true}]}}